{"id":671,"date":"2026-03-02T09:26:08","date_gmt":"2026-03-02T09:26:08","guid":{"rendered":"https:\/\/supi.gl\/?page_id=671"},"modified":"2026-03-02T23:27:21","modified_gmt":"2026-03-02T23:27:21","slug":"suleqat-pisinnassoq-kollega-med-vilje","status":"publish","type":"page","link":"https:\/\/supi.gl\/da\/suleqat-pisinnassoq-kollega-med-vilje\/","title":{"rendered":"Suleqat pisinnassoq \u2013 kollega med vilje"},"content":{"rendered":"\t\t<div data-elementor-type=\"wp-page\" data-elementor-id=\"671\" class=\"elementor elementor-671\" data-elementor-post-type=\"page\">\n\t\t\t\t<div class=\"elementor-element elementor-element-f6067f1 e-flex e-con-boxed e-con e-parent\" data-id=\"f6067f1\" data-element_type=\"container\" data-e-type=\"container\" data-settings=\"{&quot;background_background&quot;:&quot;classic&quot;}\">\n\t\t\t\t\t<div class=\"e-con-inner\">\n\t\t\t\t<div class=\"elementor-element elementor-element-306425b elementor-widget elementor-widget-heading\" data-id=\"306425b\" data-element_type=\"widget\" data-e-type=\"widget\" data-widget_type=\"heading.default\">\n\t\t\t\t\t<h1 class=\"elementor-heading-title elementor-size-default\">Suleqat pisinnassoq \u2013 kollega med vilje<\/h1>\t\t\t\t<\/div>\n\t\t\t\t<div class=\"elementor-element elementor-element-3bb0f43 elementor-widget__width-initial elementor-widget elementor-widget-text-editor\" data-id=\"3bb0f43\" data-element_type=\"widget\" data-e-type=\"widget\" data-widget_type=\"text-editor.default\">\n\t\t\t\t\t\t\t\t\t<p><strong>Centralt for Suleqat pisinnaasoq er, at <em>vi er hinandens arbejdsmilj\u00f8<\/em> og vil v\u00e6re <em>kolleger med vilje<\/em> til at ville tage h\u00e5nd om hinandens trivsel og sikkerhed<\/strong><\/p>\t\t\t\t\t\t\t\t<\/div>\n\t\t\t\t\t<\/div>\n\t\t\t\t<\/div>\n\t\t<div class=\"elementor-element elementor-element-e8a312f e-flex e-con-boxed e-con e-parent\" data-id=\"e8a312f\" data-element_type=\"container\" data-e-type=\"container\" data-settings=\"{&quot;background_background&quot;:&quot;classic&quot;}\">\n\t\t\t\t\t<div class=\"e-con-inner\">\n\t\t<div class=\"elementor-element elementor-element-f46a7af e-con-full e-flex e-con e-child\" data-id=\"f46a7af\" data-element_type=\"container\" data-e-type=\"container\">\n\t\t<div class=\"elementor-element elementor-element-67f3933 e-con-full e-flex e-con e-child\" data-id=\"67f3933\" data-element_type=\"container\" data-e-type=\"container\">\n\t\t\t\t<div class=\"elementor-element elementor-element-91218c7 elementor-widget elementor-widget-image\" data-id=\"91218c7\" data-element_type=\"widget\" data-e-type=\"widget\" data-widget_type=\"image.default\">\n\t\t\t\t\t\t\t\t\t\t\t\t\t\t\t<img decoding=\"async\" width=\"141\" height=\"141\" src=\"https:\/\/supi.gl\/wp-content\/uploads\/2025\/10\/ico7.svg\" class=\"attachment-large size-large wp-image-261\" alt=\"\" \/>\t\t\t\t\t\t\t\t\t\t\t\t\t\t\t<\/div>\n\t\t\t\t<div class=\"elementor-element elementor-element-f74bec9 elementor-widget elementor-widget-heading\" data-id=\"f74bec9\" data-element_type=\"widget\" data-e-type=\"widget\" data-widget_type=\"heading.default\">\n\t\t\t\t\t<h3 class=\"elementor-heading-title elementor-size-default\">Form\u00e5l<\/h3>\t\t\t\t<\/div>\n\t\t\t\t<\/div>\n\t\t\t\t<div class=\"elementor-element elementor-element-3645be2 elementor-widget elementor-widget-text-editor\" data-id=\"3645be2\" data-element_type=\"widget\" data-e-type=\"widget\" data-widget_type=\"text-editor.default\">\n\t\t\t\t\t\t\t\t\t<p>Suleqat pisinnaasoq (SUPI) skal fremme mental trivsel &amp; forebygge selvmord gennem gensidig opm\u00e6rksomhed arbejdspladsen, hvor man ser hinanden dagligt og derfor f\u00f8lger med i, om en kollega f\u00e5r det skidt.<\/p>\t\t\t\t\t\t\t\t<\/div>\n\t\t<div class=\"elementor-element elementor-element-0e3c24a e-con-full e-flex e-con e-child\" data-id=\"0e3c24a\" data-element_type=\"container\" data-e-type=\"container\" data-settings=\"{&quot;background_background&quot;:&quot;classic&quot;}\">\n\t\t\t\t<\/div>\n\t\t\t\t<\/div>\n\t\t<div class=\"elementor-element elementor-element-6675078 e-con-full e-flex e-con e-child\" data-id=\"6675078\" data-element_type=\"container\" data-e-type=\"container\">\n\t\t<div class=\"elementor-element elementor-element-d4a11dc e-con-full e-flex e-con e-child\" data-id=\"d4a11dc\" data-element_type=\"container\" data-e-type=\"container\">\n\t\t\t\t<div class=\"elementor-element elementor-element-f972abd elementor-widget elementor-widget-image\" data-id=\"f972abd\" data-element_type=\"widget\" data-e-type=\"widget\" data-widget_type=\"image.default\">\n\t\t\t\t\t\t\t\t\t\t\t\t\t\t\t<img decoding=\"async\" width=\"141\" height=\"141\" src=\"https:\/\/supi.gl\/wp-content\/uploads\/2025\/10\/ico1.svg\" class=\"attachment-large size-large wp-image-154\" alt=\"\" \/>\t\t\t\t\t\t\t\t\t\t\t\t\t\t\t<\/div>\n\t\t\t\t<div class=\"elementor-element elementor-element-e0282ca elementor-widget elementor-widget-heading\" data-id=\"e0282ca\" data-element_type=\"widget\" data-e-type=\"widget\" data-widget_type=\"heading.default\">\n\t\t\t\t\t<h3 class=\"elementor-heading-title elementor-size-default\">Baggrund<\/h3>\t\t\t\t<\/div>\n\t\t\t\t<\/div>\n\t\t\t\t<div class=\"elementor-element elementor-element-fd1e451 elementor-widget elementor-widget-text-editor\" data-id=\"fd1e451\" data-element_type=\"widget\" data-e-type=\"widget\" data-widget_type=\"text-editor.default\">\n\t\t\t\t\t\t\t\t\t<p style=\"font-weight: 400;\">En dansk blikkenslager i Australien, J\u00f8rgen Gullestrup, fandt gennem sit arbejde i fagforeningen, at der var en s\u00e6rlig h\u00f8j selvmordsprocent i byggeindustrien. Statistikken over selvmord generelt verden over viser, at over halvdelen af alle selvmord g\u00e6lder mennesker, som ikke i forvejen er kendt i &#8216;systemet&#8217;, f.eks. psykiatrien.\u00a0P\u00e5 den baggrund udviklede han programmet \u2019MATES in construction\u2019, der i dag har mere end 300.000 deltagere og har bredt sig til mine-, transport- og forsyningsindustrierne i hele Australien og New Zealand.<\/p><p style=\"font-weight: 400;\">Mange &#8211; is\u00e6r m\u00e6nd- r\u00e6kker ikke aktivt ud efter hj\u00e6lp, hvis de mistrives, da de oplever, at det er forbundet med skam og stigma. I nogle tilf\u00e6lde dulmes mistrivsel med rusmidler.<\/p><p style=\"font-weight: 400;\">Netop p\u00e5 arbejdspladsen, hvor man ses dagligt over tid, kan man f\u00f8lge med i, om en kollega \u00e6ndrer adf\u00e6rd som tegn p\u00e5 mistrivsel har vi mulighed for at st\u00f8tte hinanden i at finde l\u00f8sninger p\u00e5 livets udfordringer.<\/p><p style=\"font-weight: 400;\">MATES in Construction beviser p\u00e5 16. \u00e5r at &#8216;kollega til kollega&#8217; st\u00f8tte fremmer mental trivsel og s\u00e6nker selvmordsraten.<\/p>\t\t\t\t\t\t\t\t<\/div>\n\t\t\t\t<\/div>\n\t\t\t\t\t<\/div>\n\t\t\t\t<\/div>\n\t\t<div class=\"elementor-element elementor-element-a77bf41 e-flex e-con-boxed e-con e-parent\" data-id=\"a77bf41\" data-element_type=\"container\" data-e-type=\"container\" data-settings=\"{&quot;background_background&quot;:&quot;classic&quot;}\">\n\t\t\t\t\t<div class=\"e-con-inner\">\n\t\t\t\t<div class=\"elementor-element elementor-element-3d06cc5 elementor-widget elementor-widget-image\" data-id=\"3d06cc5\" data-element_type=\"widget\" data-e-type=\"widget\" data-widget_type=\"image.default\">\n\t\t\t\t\t\t\t\t\t\t\t\t\t\t\t<img decoding=\"async\" width=\"141\" height=\"141\" src=\"https:\/\/supi.gl\/wp-content\/uploads\/2025\/10\/ico8.svg\" class=\"attachment-large size-large wp-image-265\" alt=\"\" \/>\t\t\t\t\t\t\t\t\t\t\t\t\t\t\t<\/div>\n\t\t\t\t<div class=\"elementor-element elementor-element-a67c1e5 elementor-widget elementor-widget-heading\" data-id=\"a67c1e5\" data-element_type=\"widget\" data-e-type=\"widget\" data-widget_type=\"heading.default\">\n\t\t\t\t\t<h2 class=\"elementor-heading-title elementor-size-default\">Fra Australien til Gr\u00f8nland\n\n<\/h2>\t\t\t\t<\/div>\n\t\t\t\t<div class=\"elementor-element elementor-element-0f421da elementor-widget__width-initial elementor-widget elementor-widget-heading\" data-id=\"0f421da\" data-element_type=\"widget\" data-e-type=\"widget\" data-widget_type=\"heading.default\">\n\t\t\t\t\t<p class=\"elementor-heading-title elementor-size-default\">SuPi arbejder p\u00e5 at tilpasse MATES til gr\u00f8nlandsk arbejdspladskultur, bl.a. med de udfordringer der er ift. fastboende og \u2019sommerg\u00e6ster\u2019. Vi arbejder p\u00e5 at skabe en arbejdspladskultur, hvor vi har blik for hinandens trivsel og \u2018mod\u2019 til at st\u00e5 ved, hvordan vi har det.<\/p>\t\t\t\t<\/div>\n\t\t\t\t\t<\/div>\n\t\t\t\t<\/div>\n\t\t<div class=\"elementor-element elementor-element-786fbaf e-flex e-con-boxed e-con e-parent\" data-id=\"786fbaf\" data-element_type=\"container\" data-e-type=\"container\" data-settings=\"{&quot;background_background&quot;:&quot;classic&quot;}\">\n\t\t\t\t\t<div class=\"e-con-inner\">\n\t\t<div class=\"elementor-element elementor-element-01a2ac6 e-con-full e-flex e-con e-child\" data-id=\"01a2ac6\" data-element_type=\"container\" data-e-type=\"container\" data-settings=\"{&quot;background_background&quot;:&quot;classic&quot;}\">\n\t\t\t\t<\/div>\n\t\t<div class=\"elementor-element elementor-element-d96c396 e-con-full e-flex e-con e-child\" data-id=\"d96c396\" data-element_type=\"container\" data-e-type=\"container\">\n\t\t<div class=\"elementor-element elementor-element-d93bb20 e-con-full e-flex e-con e-child\" data-id=\"d93bb20\" data-element_type=\"container\" data-e-type=\"container\">\n\t\t<div class=\"elementor-element elementor-element-c8f8578 e-con-full e-flex e-con e-child\" data-id=\"c8f8578\" data-element_type=\"container\" data-e-type=\"container\" data-settings=\"{&quot;background_background&quot;:&quot;classic&quot;}\">\n\t\t<div class=\"elementor-element elementor-element-fde93cc e-con-full e-flex e-con e-child\" data-id=\"fde93cc\" data-element_type=\"container\" data-e-type=\"container\">\n\t\t\t\t<div class=\"elementor-element elementor-element-9ad674c elementor-widget elementor-widget-image\" data-id=\"9ad674c\" data-element_type=\"widget\" data-e-type=\"widget\" data-widget_type=\"image.default\">\n\t\t\t\t\t\t\t\t\t\t\t\t\t\t\t<img loading=\"lazy\" decoding=\"async\" width=\"141\" height=\"141\" src=\"https:\/\/supi.gl\/wp-content\/uploads\/2025\/10\/ico2.svg\" class=\"attachment-large size-large wp-image-158\" alt=\"\" \/>\t\t\t\t\t\t\t\t\t\t\t\t\t\t\t<\/div>\n\t\t\t\t<div class=\"elementor-element elementor-element-fefffdd elementor-widget elementor-widget-heading\" data-id=\"fefffdd\" data-element_type=\"widget\" data-e-type=\"widget\" data-widget_type=\"heading.default\">\n\t\t\t\t\t<h3 class=\"elementor-heading-title elementor-size-default\">Arbejdspladsen<\/h3>\t\t\t\t<\/div>\n\t\t\t\t<\/div>\n\t\t\t\t<div class=\"elementor-element elementor-element-e9b7fb5 elementor-widget elementor-widget-text-editor\" data-id=\"e9b7fb5\" data-element_type=\"widget\" data-e-type=\"widget\" data-widget_type=\"text-editor.default\">\n\t\t\t\t\t\t\t\t\t<p>SUPI handler om at r\u00e6kke ud! Fra kollega til kollega. En arbejdsplads b\u00f8r have flest mulige, der p\u00e5tager sig rollen \u2018Hj\u00e6lper\u2019 og stiller sig til r\u00e5dighed for en kollegial samtale i \u00f8jenh\u00f8jde. Det kan f.eks. v\u00e6re sv\u00e6rt for en l\u00e6rling at g\u00e5 til en leder \u2013 eller en leder at g\u00e5 til sin l\u00e6ring, s\u00e5 der skal gerne v\u00e6re en kollega p\u00e5 eget \u2018niveau\u2019 \u2013 eller i alt fald flere at v\u00e6lge mellem, s\u00e5 man kan g\u00e5 til en, man har tillid til.<\/p>\t\t\t\t\t\t\t\t<\/div>\n\t\t\t\t<\/div>\n\t\t\t\t<\/div>\n\t\t<div class=\"elementor-element elementor-element-72d425e e-con-full e-flex e-con e-child\" data-id=\"72d425e\" data-element_type=\"container\" data-e-type=\"container\">\n\t\t<div class=\"elementor-element elementor-element-99156cc e-con-full e-flex e-con e-child\" data-id=\"99156cc\" data-element_type=\"container\" data-e-type=\"container\" data-settings=\"{&quot;background_background&quot;:&quot;classic&quot;}\">\n\t\t<div class=\"elementor-element elementor-element-8a7bc95 e-con-full e-flex e-con e-child\" data-id=\"8a7bc95\" data-element_type=\"container\" data-e-type=\"container\">\n\t\t\t\t<div class=\"elementor-element elementor-element-8e960ac elementor-widget elementor-widget-image\" data-id=\"8e960ac\" data-element_type=\"widget\" data-e-type=\"widget\" data-widget_type=\"image.default\">\n\t\t\t\t\t\t\t\t\t\t\t\t\t\t\t<img loading=\"lazy\" decoding=\"async\" width=\"141\" height=\"141\" src=\"https:\/\/supi.gl\/wp-content\/uploads\/2025\/10\/ico4.svg\" class=\"attachment-large size-large wp-image-160\" alt=\"\" \/>\t\t\t\t\t\t\t\t\t\t\t\t\t\t\t<\/div>\n\t\t\t\t<div class=\"elementor-element elementor-element-ca0e8f9 elementor-widget elementor-widget-heading\" data-id=\"ca0e8f9\" data-element_type=\"widget\" data-e-type=\"widget\" data-widget_type=\"heading.default\">\n\t\t\t\t\t<h3 class=\"elementor-heading-title elementor-size-default\">Roller og ansvar\n\n<\/h3>\t\t\t\t<\/div>\n\t\t\t\t<\/div>\n\t\t\t\t<div class=\"elementor-element elementor-element-29dfa78 elementor-widget elementor-widget-text-editor\" data-id=\"29dfa78\" data-element_type=\"widget\" data-e-type=\"widget\" data-widget_type=\"text-editor.default\">\n\t\t\t\t\t\t\t\t\t<p>Der er to \u2019roller\u2019 i: \u2018Hj\u00e6lper\u2019 \u2013 der r\u00e6kker ud p\u00e5 arbejdspladsen og har blik for kollegernes mentale trivsel. Og \u2019Brobygger\u2019, som \u2019Hj\u00e6lperen\u2019 kan guide kollega hen til, hvis denne har brug for mere end en kollegial samtale. Brobyggeren bygger bro til hj\u00e6lp udenfor arbejdspladsen og kender netv\u00e6rket af st\u00f8ttemuligheder, formelt og civilt.<\/p><p>Med SUPI udvikles sammenhold og samarbejde mellem lokale virksomheder, og lokalsamfund.<\/p>\t\t\t\t\t\t\t\t<\/div>\n\t\t\t\t<\/div>\n\t\t\t\t<\/div>\n\t\t\t\t<\/div>\n\t\t\t\t\t<\/div>\n\t\t\t\t<\/div>\n\t\t<div class=\"elementor-element elementor-element-7e474ab e-flex e-con-boxed e-con e-parent\" data-id=\"7e474ab\" data-element_type=\"container\" data-e-type=\"container\">\n\t\t\t\t\t<div class=\"e-con-inner\">\n\t\t<div class=\"elementor-element elementor-element-ccd7cb4 e-con-full e-flex e-con e-child\" data-id=\"ccd7cb4\" data-element_type=\"container\" data-e-type=\"container\" data-settings=\"{&quot;background_background&quot;:&quot;classic&quot;}\">\n\t\t<div class=\"elementor-element elementor-element-3f5d53c e-con-full e-flex e-con e-child\" data-id=\"3f5d53c\" data-element_type=\"container\" data-e-type=\"container\">\n\t\t\t\t<div class=\"elementor-element elementor-element-4e5a4d9 elementor-widget elementor-widget-image\" data-id=\"4e5a4d9\" data-element_type=\"widget\" data-e-type=\"widget\" data-widget_type=\"image.default\">\n\t\t\t\t\t\t\t\t\t\t\t\t\t\t\t<img loading=\"lazy\" decoding=\"async\" width=\"141\" height=\"141\" src=\"https:\/\/supi.gl\/wp-content\/uploads\/2025\/10\/ico6.svg\" class=\"attachment-large size-large wp-image-174\" alt=\"\" \/>\t\t\t\t\t\t\t\t\t\t\t\t\t\t\t<\/div>\n\t\t\t\t<div class=\"elementor-element elementor-element-5ee3b31 elementor-widget elementor-widget-heading\" data-id=\"5ee3b31\" data-element_type=\"widget\" data-e-type=\"widget\" data-widget_type=\"heading.default\">\n\t\t\t\t\t<h3 class=\"elementor-heading-title elementor-size-default\">Forventninger og forpligtelser<\/h3>\t\t\t\t<\/div>\n\t\t\t\t<\/div>\n\t\t\t\t<div class=\"elementor-element elementor-element-f047273 elementor-widget elementor-widget-text-editor\" data-id=\"f047273\" data-element_type=\"widget\" data-e-type=\"widget\" data-widget_type=\"text-editor.default\">\n\t\t\t\t\t\t\t\t\t<p>Forventningen\u00a0er, at SuPi medf\u00f8rer generel opm\u00e6rksomhed i kollegaskabet p\u00e5 hinandens trivsel, hvor man st\u00f8tter fremfor at presse hinanden.<\/p><p>SUPI vil forh\u00e5bentligt f\u00f8re til mindre sygefrav\u00e6r og en rummelig arbejdspladskultur \u2013 hvor de, der har brug for \u2018behandling\u2019 (fx ved personlige kriser, depression eller misbrug) kan fastholdes i f\u00e6llesskabet p\u00e5 arbejdspladsen og dermed komme styrket gennem en sv\u00e6r tid.<\/p>\t\t\t\t\t\t\t\t<\/div>\n\t\t\t\t<\/div>\n\t\t<div class=\"elementor-element elementor-element-4383e7b e-con-full e-flex e-con e-child\" data-id=\"4383e7b\" data-element_type=\"container\" data-e-type=\"container\" data-settings=\"{&quot;background_background&quot;:&quot;classic&quot;}\">\n\t\t\t\t<\/div>\n\t\t\t\t\t<\/div>\n\t\t\t\t<\/div>\n\t\t\t\t<\/div>\n\t\t","protected":false},"excerpt":{"rendered":"<p>Suleqat pisinnassoq \u2013 kollega med vilje Centralt for Suleqat pisinnaasoq er, at vi er hinandens arbejdsmilj\u00f8 og vil v\u00e6re kolleger med vilje til at ville tage h\u00e5nd om hinandens trivsel og sikkerhed Form\u00e5l Suleqat pisinnaasoq (SUPI) skal fremme mental trivsel &amp; forebygge selvmord gennem gensidig opm\u00e6rksomhed arbejdspladsen, hvor man ser hinanden dagligt og derfor f\u00f8lger [&hellip;]<\/p>\n","protected":false},"author":1,"featured_media":0,"parent":0,"menu_order":0,"comment_status":"closed","ping_status":"closed","template":"","meta":{"footnotes":""},"class_list":["post-671","page","type-page","status-publish","hentry"],"_links":{"self":[{"href":"https:\/\/supi.gl\/da\/wp-json\/wp\/v2\/pages\/671","targetHints":{"allow":["GET"]}}],"collection":[{"href":"https:\/\/supi.gl\/da\/wp-json\/wp\/v2\/pages"}],"about":[{"href":"https:\/\/supi.gl\/da\/wp-json\/wp\/v2\/types\/page"}],"author":[{"embeddable":true,"href":"https:\/\/supi.gl\/da\/wp-json\/wp\/v2\/users\/1"}],"replies":[{"embeddable":true,"href":"https:\/\/supi.gl\/da\/wp-json\/wp\/v2\/comments?post=671"}],"version-history":[{"count":8,"href":"https:\/\/supi.gl\/da\/wp-json\/wp\/v2\/pages\/671\/revisions"}],"predecessor-version":[{"id":720,"href":"https:\/\/supi.gl\/da\/wp-json\/wp\/v2\/pages\/671\/revisions\/720"}],"wp:attachment":[{"href":"https:\/\/supi.gl\/da\/wp-json\/wp\/v2\/media?parent=671"}],"curies":[{"name":"wp","href":"https:\/\/api.w.org\/{rel}","templated":true}]}}