{"id":667,"date":"2026-03-02T09:20:37","date_gmt":"2026-03-02T09:20:37","guid":{"rendered":"https:\/\/supi.gl\/?page_id=667"},"modified":"2026-03-04T11:16:11","modified_gmt":"2026-03-04T11:16:11","slug":"bliv-hjaelper","status":"publish","type":"page","link":"https:\/\/supi.gl\/da\/bliv-hjaelper\/","title":{"rendered":"Bliv hj\u00e6lper"},"content":{"rendered":"\t\t<div data-elementor-type=\"wp-page\" data-elementor-id=\"667\" class=\"elementor elementor-667\" data-elementor-post-type=\"page\">\n\t\t\t\t<div class=\"elementor-element elementor-element-8c56562 e-flex e-con-boxed e-con e-parent\" data-id=\"8c56562\" data-element_type=\"container\" data-e-type=\"container\" data-settings=\"{&quot;background_background&quot;:&quot;classic&quot;}\">\n\t\t\t\t\t<div class=\"e-con-inner\">\n\t\t\t\t<div class=\"elementor-element elementor-element-d8c793f elementor-widget elementor-widget-heading\" data-id=\"d8c793f\" data-element_type=\"widget\" data-e-type=\"widget\" data-widget_type=\"heading.default\">\n\t\t\t\t\t<h1 class=\"elementor-heading-title elementor-size-default\">Bliv Supi-hj\u00e6lper!<\/h1>\t\t\t\t<\/div>\n\t\t\t\t<div class=\"elementor-element elementor-element-95ca07e elementor-widget__width-initial elementor-widget elementor-widget-text-editor\" data-id=\"95ca07e\" data-element_type=\"widget\" data-e-type=\"widget\" data-widget_type=\"text-editor.default\">\n\t\t\t\t\t\t\t\t\t<p>SUPI (Suleqat Pisinnaasoq) er en bev\u00e6gelse og et netv\u00e6rk, der arbejder m\u00e5lrettet med <span class=\"s1\"><b>mental sundhed og trivsel p\u00e5 arbejdspladsen<\/b><\/span> i Gr\u00f8nland.<\/p>\t\t\t\t\t\t\t\t<\/div>\n\t\t\t\t\t<\/div>\n\t\t\t\t<\/div>\n\t\t<div class=\"elementor-element elementor-element-831b059 e-flex e-con-boxed e-con e-parent\" data-id=\"831b059\" data-element_type=\"container\" data-e-type=\"container\" data-settings=\"{&quot;background_background&quot;:&quot;classic&quot;}\">\n\t\t\t\t\t<div class=\"e-con-inner\">\n\t\t<div class=\"elementor-element elementor-element-5c93253 e-con-full e-flex e-con e-child\" data-id=\"5c93253\" data-element_type=\"container\" data-e-type=\"container\">\n\t\t\t\t<div class=\"elementor-element elementor-element-1c8b0a5 elementor-widget elementor-widget-text-editor\" data-id=\"1c8b0a5\" data-element_type=\"widget\" data-e-type=\"widget\" data-widget_type=\"text-editor.default\">\n\t\t\t\t\t\t\t\t\t<p>Form\u00e5let med SUPI er at skabe st\u00e6rke f\u00e6llesskaber, hvor kolleger ikke st\u00e5r alene, men i stedet st\u00f8tter hinanden i b\u00e5de hverdagens og arbejdslivets udfordringer. SUPI bygger p\u00e5 v\u00e6rdier som <span class=\"s1\"><b>tillid, ansvar, gensidig st\u00f8tte, \u00e6rlighed og respekt<\/b><\/span>, og arbejder for, at mental sundhed prioriteres p\u00e5 linje med fysisk sikkerhed i arbejdsmilj\u00f8et. SUPI inspireres af internationale metoder til at forebygge mistrivsel og styrke kollegialt sammenhold \u2013 herunder samarbejde med netv\u00e6rk som MATES in Construction, som har dokumenteret effekt i forhold til at styrke mental sundhed i arbejdslivet.<\/p><p>Som <span class=\"s1\"><b>SuPi-hj\u00e6lper<\/b><\/span> f\u00e5r du mulighed for at spille en aktiv rolle i at forbedre arbejdsmilj\u00f8et p\u00e5 din arbejdsplads. Du bliver en slags ambassad\u00f8r for kollegial st\u00f8tte og trivsel: Du f\u00e5r v\u00e6rkt\u00f8jer, tr\u00e6ning og viden om, hvordan man ser tidlige tegn p\u00e5 d\u00e5rlig trivsel, hvordan man g\u00e5r ind i en samtale med en kollega, der mistrives, og hvordan man kan v\u00e6re med til at bygge en kultur, hvor det er naturligt at tale \u00e5bent om mental sundhed. Dette handler ikke om at v\u00e6re terapeut, men om at v\u00e6re opm\u00e6rksom, n\u00e6rv\u00e6rende og handlekraftig i en kollegial kontekst.<\/p>\t\t\t\t\t\t\t\t<\/div>\n\t\t\t\t<\/div>\n\t\t<div class=\"elementor-element elementor-element-463e7ca e-con-full e-flex e-con e-child\" data-id=\"463e7ca\" data-element_type=\"container\" data-e-type=\"container\" data-settings=\"{&quot;background_background&quot;:&quot;classic&quot;}\">\n\t\t\t\t<\/div>\n\t\t\t\t\t<\/div>\n\t\t\t\t<\/div>\n\t\t<div class=\"elementor-element elementor-element-7ee1c19 e-flex e-con-boxed e-con e-parent\" data-id=\"7ee1c19\" data-element_type=\"container\" data-e-type=\"container\" data-settings=\"{&quot;background_background&quot;:&quot;classic&quot;}\">\n\t\t\t\t\t<div class=\"e-con-inner\">\n\t\t<div class=\"elementor-element elementor-element-556958c e-con-full elementor-hidden-mobile e-flex e-con e-child\" data-id=\"556958c\" data-element_type=\"container\" data-e-type=\"container\" data-settings=\"{&quot;background_background&quot;:&quot;classic&quot;}\">\n\t\t\t\t<\/div>\n\t\t<div class=\"elementor-element elementor-element-4915576 e-con-full e-flex e-con e-child\" data-id=\"4915576\" data-element_type=\"container\" data-e-type=\"container\">\n\t\t\t\t<div class=\"elementor-element elementor-element-fe7d28b elementor-widget elementor-widget-image\" data-id=\"fe7d28b\" data-element_type=\"widget\" data-e-type=\"widget\" data-settings=\"{&quot;motion_fx_motion_fx_scrolling&quot;:&quot;yes&quot;,&quot;motion_fx_translateY_effect&quot;:&quot;yes&quot;,&quot;motion_fx_translateY_speed&quot;:{&quot;unit&quot;:&quot;px&quot;,&quot;size&quot;:0.4,&quot;sizes&quot;:[]},&quot;motion_fx_translateY_affectedRange&quot;:{&quot;unit&quot;:&quot;%&quot;,&quot;size&quot;:&quot;&quot;,&quot;sizes&quot;:{&quot;start&quot;:0,&quot;end&quot;:100}},&quot;motion_fx_devices&quot;:[&quot;desktop&quot;,&quot;tablet&quot;,&quot;mobile&quot;]}\" data-widget_type=\"image.default\">\n\t\t\t\t\t\t\t\t\t\t\t\t\t\t\t<img fetchpriority=\"high\" decoding=\"async\" width=\"382\" height=\"589\" src=\"https:\/\/supi.gl\/wp-content\/uploads\/2026\/03\/supivertical01.svg\" class=\"attachment-large size-large wp-image-699\" alt=\"\" \/>\t\t\t\t\t\t\t\t\t\t\t\t\t\t\t<\/div>\n\t\t\t\t<\/div>\n\t\t\t\t\t<\/div>\n\t\t\t\t<\/div>\n\t\t<div class=\"elementor-element elementor-element-ffb0daf e-flex e-con-boxed e-con e-parent\" data-id=\"ffb0daf\" data-element_type=\"container\" data-e-type=\"container\" data-settings=\"{&quot;background_background&quot;:&quot;classic&quot;}\">\n\t\t\t\t\t<div class=\"e-con-inner\">\n\t\t<div class=\"elementor-element elementor-element-de1db74 e-con-full .backdrop-filter e-flex e-con e-child\" data-id=\"de1db74\" data-element_type=\"container\" data-e-type=\"container\" data-settings=\"{&quot;background_background&quot;:&quot;classic&quot;}\">\n\t\t\t\t<div class=\"elementor-element elementor-element-129c149 elementor-widget elementor-widget-image\" data-id=\"129c149\" data-element_type=\"widget\" data-e-type=\"widget\" data-widget_type=\"image.default\">\n\t\t\t\t\t\t\t\t\t\t\t\t\t\t\t<img decoding=\"async\" width=\"354\" height=\"353\" src=\"https:\/\/supi.gl\/wp-content\/uploads\/2025\/10\/ico11.svg\" class=\"attachment-large size-large wp-image-285\" alt=\"\" \/>\t\t\t\t\t\t\t\t\t\t\t\t\t\t\t<\/div>\n\t\t\t\t<div class=\"elementor-element elementor-element-c2c07d5 elementor-widget elementor-widget-heading\" data-id=\"c2c07d5\" data-element_type=\"widget\" data-e-type=\"widget\" data-widget_type=\"heading.default\">\n\t\t\t\t\t<h2 class=\"elementor-heading-title elementor-size-default\">Tag fat i din arbejdsmilj\u00f8repr\u00e6sentant, tillidsrepr\u00e6sentant (TR) eller leder og foresl\u00e5, at virksomheden bestiller workshoppen \u2019Dialog om mental trivsel\u2019 til jeres arbejdsplads. Workshoppen kan bestilles ved at skrive til kontakt@supi.gl.<\/h2>\t\t\t\t<\/div>\n\t\t\t\t<div class=\"elementor-element elementor-element-043f819 elementor-align-center elementor-widget elementor-widget-button\" data-id=\"043f819\" data-element_type=\"widget\" data-e-type=\"widget\" data-widget_type=\"button.default\">\n\t\t\t\t\t\t\t\t\t\t<a class=\"elementor-button elementor-button-link elementor-size-sm\" href=\"https:\/\/supi.gl\/saadan-kommer-din-arbejdsplads-med\/\">\n\t\t\t\t\t\t<span class=\"elementor-button-content-wrapper\">\n\t\t\t\t\t\t\t\t\t<span class=\"elementor-button-text\">Kontakt<\/span>\n\t\t\t\t\t<\/span>\n\t\t\t\t\t<\/a>\n\t\t\t\t\t\t\t\t<\/div>\n\t\t\t\t<\/div>\n\t\t\t\t\t<\/div>\n\t\t\t\t<\/div>\n\t\t<div class=\"elementor-element elementor-element-83a05be e-flex e-con-boxed e-con e-parent\" data-id=\"83a05be\" data-element_type=\"container\" data-e-type=\"container\">\n\t\t\t\t\t<div class=\"e-con-inner\">\n\t\t<div class=\"elementor-element elementor-element-d0d7b51 e-con-full e-flex e-con e-child\" data-id=\"d0d7b51\" data-element_type=\"container\" data-e-type=\"container\" data-settings=\"{&quot;background_background&quot;:&quot;classic&quot;}\">\n\t\t\t\t<div class=\"elementor-element elementor-element-86c2320 elementor-widget elementor-widget-text-editor\" data-id=\"86c2320\" data-element_type=\"widget\" data-e-type=\"widget\" data-widget_type=\"text-editor.default\">\n\t\t\t\t\t\t\t\t\t<p>Denne workshop varer cirka tre timer og afholdes p\u00e5 jeres eget arbejdssted, s\u00e5 medarbejderne ikke skal hente denne viden ude i byen, men f\u00e5r den direkte i deres arbejdsmilj\u00f8. P\u00e5 workshoppen f\u00e5r I konkret tr\u00e6ning i at <span class=\"s1\"><b>se tegn p\u00e5 mistrivsel hos kolleger<\/b><\/span>, forst\u00e5 hvordan mental trivsel p\u00e5virker b\u00e5de arbejdsliv og privatliv, og hvordan I kan invitere til en kollegial samtale, der g\u00f8r en reel forskel for en kollega i vanskeligheder.<\/p>\t\t\t\t\t\t\t\t<\/div>\n\t\t\t\t<\/div>\n\t\t<div class=\"elementor-element elementor-element-6edbc2b e-con-full e-flex e-con e-child\" data-id=\"6edbc2b\" data-element_type=\"container\" data-e-type=\"container\" data-settings=\"{&quot;background_background&quot;:&quot;classic&quot;}\">\n\t\t\t\t<\/div>\n\t\t<div class=\"elementor-element elementor-element-f7459b9 e-con-full e-flex e-con e-child\" data-id=\"f7459b9\" data-element_type=\"container\" data-e-type=\"container\" data-settings=\"{&quot;background_background&quot;:&quot;classic&quot;}\">\n\t\t\t\t<\/div>\n\t\t<div class=\"elementor-element elementor-element-529d708 e-con-full e-flex e-con e-child\" data-id=\"529d708\" data-element_type=\"container\" data-e-type=\"container\" data-settings=\"{&quot;background_background&quot;:&quot;classic&quot;}\">\n\t\t\t\t<div class=\"elementor-element elementor-element-e38a9a5 elementor-widget elementor-widget-text-editor\" data-id=\"e38a9a5\" data-element_type=\"widget\" data-e-type=\"widget\" data-widget_type=\"text-editor.default\">\n\t\t\t\t\t\t\t\t\t<p class=\"p3\">Mental trivsel handler om langt mere end blot frav\u00e6r af psykisk sygdom; det handler om, at medarbejderne kan udfolde deres evner, h\u00e5ndtere dagligdagens krav og fungere effektivt i samarbejde med andre. Forskning peger p\u00e5, at god trivsel \u00f8ger b\u00e5de produktivitet og kvalitet i arbejdet, samtidig med at det reducerer stress, konflikter og sygefrav\u00e6r.<span class=\"Apple-converted-space\">\u00a0 <\/span><\/p><p class=\"p3\">Ved at deltage aktivt i SUPI\u2019s initiativer er du med til at forme en arbejdskultur, hvor <span class=\"s1\"><b>ingen st\u00e5r alene, hvor kolleger ser hinanden, og hvor mental sundhed bliver en f\u00e6lles prioritet<\/b><\/span>. Det er b\u00e5de et etisk ansvar og et praktisk led i at skabe et trygt og produktivt arbejdsmilj\u00f8.<\/p>\t\t\t\t\t\t\t\t<\/div>\n\t\t\t\t<\/div>\n\t\t\t\t\t<\/div>\n\t\t\t\t<\/div>\n\t\t\t\t<\/div>\n\t\t","protected":false},"excerpt":{"rendered":"<p>Bliv Supi-hj\u00e6lper! SUPI (Suleqat Pisinnaasoq) er en bev\u00e6gelse og et netv\u00e6rk, der arbejder m\u00e5lrettet med mental sundhed og trivsel p\u00e5 arbejdspladsen i Gr\u00f8nland. Form\u00e5let med SUPI er at skabe st\u00e6rke f\u00e6llesskaber, hvor kolleger ikke st\u00e5r alene, men i stedet st\u00f8tter hinanden i b\u00e5de hverdagens og arbejdslivets udfordringer. SUPI bygger p\u00e5 v\u00e6rdier som tillid, ansvar, gensidig [&hellip;]<\/p>\n","protected":false},"author":1,"featured_media":0,"parent":0,"menu_order":0,"comment_status":"closed","ping_status":"closed","template":"","meta":{"footnotes":""},"class_list":["post-667","page","type-page","status-publish","hentry"],"_links":{"self":[{"href":"https:\/\/supi.gl\/da\/wp-json\/wp\/v2\/pages\/667","targetHints":{"allow":["GET"]}}],"collection":[{"href":"https:\/\/supi.gl\/da\/wp-json\/wp\/v2\/pages"}],"about":[{"href":"https:\/\/supi.gl\/da\/wp-json\/wp\/v2\/types\/page"}],"author":[{"embeddable":true,"href":"https:\/\/supi.gl\/da\/wp-json\/wp\/v2\/users\/1"}],"replies":[{"embeddable":true,"href":"https:\/\/supi.gl\/da\/wp-json\/wp\/v2\/comments?post=667"}],"version-history":[{"count":17,"href":"https:\/\/supi.gl\/da\/wp-json\/wp\/v2\/pages\/667\/revisions"}],"predecessor-version":[{"id":846,"href":"https:\/\/supi.gl\/da\/wp-json\/wp\/v2\/pages\/667\/revisions\/846"}],"wp:attachment":[{"href":"https:\/\/supi.gl\/da\/wp-json\/wp\/v2\/media?parent=667"}],"curies":[{"name":"wp","href":"https:\/\/api.w.org\/{rel}","templated":true}]}}